{"id":89,"date":"2017-03-24T17:17:43","date_gmt":"2017-03-24T17:17:43","guid":{"rendered":"https:\/\/riskiblogi.fi\/?page_id=89"},"modified":"2017-09-14T18:31:15","modified_gmt":"2017-09-14T18:31:15","slug":"about","status":"publish","type":"page","link":"https:\/\/riskiblogi.fi\/","title":{"rendered":"ABOUT"},"content":{"rendered":"<p style=\"text-align: center;\">T\u00e4ss\u00e4 blogissa puhutaan riskienhallinnasta. On mahdollista, ett\u00e4 kyseess\u00e4 on jopa ensimm\u00e4inen aiheelle omistettu riippumaton suomenkielinen blogi.<\/p>\n<p style=\"text-align: center;\">Blogia kirjoittaa kaksi riskienhallinnan, governancen, compliancen, sis\u00e4isen valvonnan ja strategisen suunnittelun ammattilaista luovan m\u00e4\u00e4r\u00e4tietoisuuden ja kofeiinin voimalla Helsingin keskustan kahviloissa ennen aamukahdeksaa.<\/p>\n<p style=\"text-align: center;\">Pyrimme kattamaan riskienhallintaa eri n\u00e4k\u00f6kulmista mahdollisimman laajasti. Lis\u00e4\u00e4 tietoa kirjoittajista ja k\u00e4ytt\u00e4m\u00e4st\u00e4mme riskienhallinnan ajatusmallista l\u00f6yd\u00e4t sivuilta <a href=\"https:\/\/riskiblogi.fi\/?page_id=52\"><em><strong>&#8221;kirjoittajista&#8221;<\/strong><\/em><\/a> ja <a href=\"https:\/\/riskiblogi.fi\/?page_id=2\"><em><strong>&#8221;viitekehys&#8221;<\/strong><\/em><\/a>.<\/p>\n<p style=\"text-align: center;\">Toiveenamme on, ett\u00e4 kirjoitukset her\u00e4tt\u00e4v\u00e4t paljon mielipiteit\u00e4, sek\u00e4 puolesta ett\u00e4 vastaan, ja ett\u00e4 ajatukset ja mielipiteet realisoituvat kommenteiksi ja keskusteluksi. Emme mek\u00e4\u00e4n tied\u00e4 kaikkea, joten haasta ja kyseenalaista, kommentoi ja kannusta!<\/p>\n<p style=\"text-align: center;\"><img loading=\"lazy\" decoding=\"async\" class=\"alignnone wp-image-189\" src=\"https:\/\/riskiblogi.fi\/wp-content\/uploads\/2017\/03\/MG_4339_copy-300x200.jpg\" alt=\"\" width=\"323\" height=\"215\" srcset=\"https:\/\/riskiblogi.fi\/wp-content\/uploads\/2017\/03\/MG_4339_copy-300x200.jpg 300w, https:\/\/riskiblogi.fi\/wp-content\/uploads\/2017\/03\/MG_4339_copy-768x512.jpg 768w, https:\/\/riskiblogi.fi\/wp-content\/uploads\/2017\/03\/MG_4339_copy-1024x683.jpg 1024w, https:\/\/riskiblogi.fi\/wp-content\/uploads\/2017\/03\/MG_4339_copy-1260x840.jpg 1260w\" sizes=\"auto, (max-width: 323px) 100vw, 323px\" \/><\/p>\n<p style=\"text-align: center;\">\n","protected":false},"excerpt":{"rendered":"<p>T\u00e4ss\u00e4 blogissa puhutaan riskienhallinnasta. On mahdollista, ett\u00e4 kyseess\u00e4 on jopa ensimm\u00e4inen aiheelle omistettu riippumaton suomenkielinen blogi. Blogia kirjoittaa kaksi riskienhallinnan, governancen, compliancen, sis\u00e4isen valvonnan ja strategisen suunnittelun ammattilaista luovan m\u00e4\u00e4r\u00e4tietoisuuden ja kofeiinin voimalla Helsingin keskustan kahviloissa ennen aamukahdeksaa. Pyrimme kattamaan riskienhallintaa eri n\u00e4k\u00f6kulmista mahdollisimman laajasti. Lis\u00e4\u00e4 tietoa kirjoittajista ja k\u00e4ytt\u00e4m\u00e4st\u00e4mme riskienhallinnan ajatusmallista l\u00f6yd\u00e4t sivuilta &#8221;kirjoittajista&#8221;&hellip; <\/p>\n<p class=\"toivo-read-more\"><a href=\"https:\/\/riskiblogi.fi\/\" class=\"more-link\">Lue lis\u00e4\u00e4 <span class=\"screen-reader-text\">ABOUT<\/span><\/a><\/p>\n","protected":false},"author":1,"featured_media":0,"parent":0,"menu_order":0,"comment_status":"closed","ping_status":"closed","template":"","meta":{"_exactmetrics_skip_tracking":false,"_exactmetrics_sitenote_active":false,"_exactmetrics_sitenote_note":"","_exactmetrics_sitenote_category":0,"footnotes":""},"class_list":{"0":"post-89","1":"page","2":"type-page","3":"status-publish","5":"entry"},"aioseo_notices":[],"_links":{"self":[{"href":"https:\/\/riskiblogi.fi\/index.php?rest_route=\/wp\/v2\/pages\/89","targetHints":{"allow":["GET"]}}],"collection":[{"href":"https:\/\/riskiblogi.fi\/index.php?rest_route=\/wp\/v2\/pages"}],"about":[{"href":"https:\/\/riskiblogi.fi\/index.php?rest_route=\/wp\/v2\/types\/page"}],"author":[{"embeddable":true,"href":"https:\/\/riskiblogi.fi\/index.php?rest_route=\/wp\/v2\/users\/1"}],"replies":[{"embeddable":true,"href":"https:\/\/riskiblogi.fi\/index.php?rest_route=%2Fwp%2Fv2%2Fcomments&post=89"}],"version-history":[{"count":20,"href":"https:\/\/riskiblogi.fi\/index.php?rest_route=\/wp\/v2\/pages\/89\/revisions"}],"predecessor-version":[{"id":472,"href":"https:\/\/riskiblogi.fi\/index.php?rest_route=\/wp\/v2\/pages\/89\/revisions\/472"}],"wp:attachment":[{"href":"https:\/\/riskiblogi.fi\/index.php?rest_route=%2Fwp%2Fv2%2Fmedia&parent=89"}],"curies":[{"name":"wp","href":"https:\/\/api.w.org\/{rel}","templated":true}]}}