{"id":52,"date":"2017-03-16T06:03:49","date_gmt":"2017-03-16T06:03:49","guid":{"rendered":"https:\/\/riskiblogi.fi\/?page_id=52"},"modified":"2018-10-30T17:36:22","modified_gmt":"2018-10-30T17:36:22","slug":"kirjoittajista","status":"publish","type":"page","link":"https:\/\/riskiblogi.fi\/?page_id=52","title":{"rendered":"Kirjoittajista"},"content":{"rendered":"<div class=\"csRow\">\n<div class=\"csRow\">\n<div class=\"csColumnGap\" style=\"margin: 0px; padding: 0px; float: left; width: 0.104%;\"><img decoding=\"async\" style=\"border: none;\" src=\"https:\/\/riskiblogi.fi\/wp-content\/plugins\/advanced-wp-columns\/assets\/js\/plugins\/views\/img\/1x1-pixel.png\" \/><\/div>\n<div class=\"csColumn\" style=\"margin: 0px; padding: 0px; float: left; width: 43.6%;\" data-csstartpoint=\"1.0000006872558593\" data-csendpoint=\"419.9930751043701\" data-cswidth=\"43.6%\" data-csid=\"b013b364-8a1f-25a7-9a2a-27fd0e1192c7\">\n<h5 style=\"text-align: center;\"><span style=\"color: #76b2cb;\"><strong>Outi Nieminen<\/strong><\/span><\/h5>\n<p style=\"text-align: center;\">tiet\u00e4\u00e4 aika paljon johtamisesta ja GRC-kent\u00e4st\u00e4. Omaa kokemusta riskienhallinnan ja sis\u00e4isen valvonnan toteuttamisesta monenlaisissa yrityksiss\u00e4. Pit\u00e4\u00e4 liiketoimintan\u00e4k\u00f6kulmaa keskeisen\u00e4 kaikessa riskienhallinnan tekemisess\u00e4. Innostuja, joka haluaa kehitt\u00e4\u00e4 ja saada aikaan. Kes\u00e4kaudeksi katoaa mets\u00e4\u00e4n kartan ja kompassin kanssa.<\/p>\n<p style=\"text-align: center;\"><a href=\"https:\/\/www.linkedin.com\/in\/outi-nieminen-1b77b912\/\" target=\"_blank\" rel=\"noopener\"><span style=\"color: #76b2cb;\">Outi\u00a0LinkedIn:ss\u00e4<\/span><\/a><\/p>\n<p><img loading=\"lazy\" decoding=\"async\" class=\"wp-image-764 aligncenter\" src=\"https:\/\/riskiblogi.fi\/wp-content\/uploads\/2018\/01\/Outi-riskiblogiin-200x300.jpg\" alt=\"\" width=\"185\" height=\"278\" srcset=\"https:\/\/riskiblogi.fi\/wp-content\/uploads\/2018\/01\/Outi-riskiblogiin-200x300.jpg 200w, https:\/\/riskiblogi.fi\/wp-content\/uploads\/2018\/01\/Outi-riskiblogiin-768x1152.jpg 768w, https:\/\/riskiblogi.fi\/wp-content\/uploads\/2018\/01\/Outi-riskiblogiin-683x1024.jpg 683w, https:\/\/riskiblogi.fi\/wp-content\/uploads\/2018\/01\/Outi-riskiblogiin.jpg 1000w\" sizes=\"auto, (max-width: 185px) 100vw, 185px\" \/><\/p>\n<p style=\"text-align: center;\">\n<\/div>\n<div class=\"csColumnGap\" style=\"margin: 0px; padding: 0px; float: left; width: 11.6%;\"><img decoding=\"async\" style=\"border: none;\" src=\"https:\/\/riskiblogi.fi\/wp-content\/plugins\/advanced-wp-columns\/assets\/js\/plugins\/views\/img\/1x1-pixel.png\" \/><\/div>\n<div class=\"csColumn\" style=\"margin: 0px; padding: 0px; float: left; width: 41.6%;\" data-csstartpoint=\"531.0000331121826\" data-csendpoint=\"929.9757411199951\" data-cswidth=\"41.6%\" data-csid=\"75ae6261-671d-7c91-ab7c-9beac76b4b7d\">\n<h5 style=\"text-align: center;\"><span style=\"color: #76b2cb;\"><strong>Laura Noukka<\/strong><\/span><\/h5>\n<p style=\"text-align: center;\">on ajautunut riskienhallinnan pariin heti ty\u00f6uransa alussa ja h\u00e4nelle on kertynyt\u00a0kokemusta sen kaikilta tasoilta. T\u00e4m\u00e4n blogin my\u00f6t\u00e4 ty\u00f6- ja vapaa-ajan kiinnostuksen kohteet\u00a0sekoittuvat iloisesti kesken\u00e4\u00e4n. \u00a0Aamuvirkku, jonka treenit on usein tehty ennen kuin muut edes her\u00e4\u00e4v\u00e4t. Illalla viihtyy mieluiten\u00a0keitti\u00f6ss\u00e4 uusia reseptej\u00e4 kehitt\u00e4en.<\/p>\n<p style=\"text-align: center;\"><a href=\"https:\/\/www.linkedin.com\/in\/laura-noukka-5bb31950\/\" target=\"_blank\" rel=\"noopener\"><span style=\"color: #76b2cb;\">Laura LinkedIn:ss\u00e4<\/span><\/a><\/p>\n<p style=\"text-align: center;\"><img loading=\"lazy\" decoding=\"async\" class=\"alignnone wp-image-186\" src=\"https:\/\/riskiblogi.fi\/wp-content\/uploads\/2017\/03\/MG_4248_copy-200x300.jpg\" alt=\"\" width=\"185\" height=\"278\" srcset=\"https:\/\/riskiblogi.fi\/wp-content\/uploads\/2017\/03\/MG_4248_copy-200x300.jpg 200w, https:\/\/riskiblogi.fi\/wp-content\/uploads\/2017\/03\/MG_4248_copy-768x1152.jpg 768w, https:\/\/riskiblogi.fi\/wp-content\/uploads\/2017\/03\/MG_4248_copy-682x1024.jpg 682w, https:\/\/riskiblogi.fi\/wp-content\/uploads\/2017\/03\/MG_4248_copy-1260x1890.jpg 1260w, https:\/\/riskiblogi.fi\/wp-content\/uploads\/2017\/03\/MG_4248_copy.jpg 1333w\" sizes=\"auto, (max-width: 185px) 100vw, 185px\" \/><\/p>\n<\/div>\n<div class=\"csColumnGap\" style=\"margin: 0px; padding: 0px; float: left; width: 3.13%;\"><img decoding=\"async\" style=\"border: none;\" src=\"https:\/\/riskiblogi.fi\/wp-content\/plugins\/advanced-wp-columns\/assets\/js\/plugins\/views\/img\/1x1-pixel.png\" \/><\/div>\n<div style=\"clear: both; float: none; display: block; visibility: hidden; width: 0px; font-size: 0px; line-height: 0;\"><\/div>\n<\/div>\n<p><br class=\"nc\" \/><br class=\"nc\" \/><br class=\"nc\" \/><br class=\"nc\" \/><br class=\"nc\" \/><br class=\"nc\" \/><br class=\"nc\" \/><br class=\"nc\" \/><br class=\"nc\" \/><br class=\"nc\" \/><br class=\"nc\" \/><\/p>\n<div class=\"csColumnGap\" style=\"margin: 0px; padding: 0px; float: left; width: 1.67%;\"><img decoding=\"async\" style=\"border: none;\" src=\"https:\/\/riskiblogi.fi\/wp-content\/plugins\/advanced-wp-columns\/assets\/js\/plugins\/views\/img\/1x1-pixel.png\" \/><\/div>\n<div class=\"csColumn\" style=\"margin: 0px; padding: 0px; float: left; width: 47.8%;\" data-csstartpoint=\"487.5000440234375\" data-csendpoint=\"946.0000440234375\" data-cswidth=\"47.8%\" data-csid=\"123516e3-48c7-6e77-b314-684049acc432\"><\/div>\n<div class=\"csColumnGap\" style=\"margin: 0px; padding: 0px; float: left; width: 1.46%;\"><img decoding=\"async\" style=\"border: none;\" src=\"https:\/\/riskiblogi.fi\/wp-content\/plugins\/advanced-wp-columns\/assets\/js\/plugins\/views\/img\/1x1-pixel.png\" \/><\/div>\n<div style=\"clear: both; float: none; display: block; visibility: hidden; width: 0px; font-size: 0px; line-height: 0;\"><\/div>\n<\/div>\n","protected":false},"excerpt":{"rendered":"<p>Outi Nieminen tiet\u00e4\u00e4 aika paljon johtamisesta ja GRC-kent\u00e4st\u00e4. Omaa kokemusta riskienhallinnan ja sis\u00e4isen valvonnan toteuttamisesta monenlaisissa yrityksiss\u00e4. Pit\u00e4\u00e4 liiketoimintan\u00e4k\u00f6kulmaa keskeisen\u00e4 kaikessa riskienhallinnan tekemisess\u00e4. Innostuja, joka haluaa kehitt\u00e4\u00e4 ja saada aikaan. Kes\u00e4kaudeksi katoaa mets\u00e4\u00e4n kartan ja kompassin kanssa. Outi\u00a0LinkedIn:ss\u00e4 Laura Noukka on ajautunut riskienhallinnan pariin heti ty\u00f6uransa alussa ja h\u00e4nelle on kertynyt\u00a0kokemusta sen kaikilta tasoilta. T\u00e4m\u00e4n&hellip; <\/p>\n<p class=\"toivo-read-more\"><a href=\"https:\/\/riskiblogi.fi\/?page_id=52\" class=\"more-link\">Lue lis\u00e4\u00e4 <span class=\"screen-reader-text\">Kirjoittajista<\/span><\/a><\/p>\n","protected":false},"author":2,"featured_media":0,"parent":0,"menu_order":4,"comment_status":"closed","ping_status":"closed","template":"","meta":{"_exactmetrics_skip_tracking":false,"_exactmetrics_sitenote_active":false,"_exactmetrics_sitenote_note":"","_exactmetrics_sitenote_category":0,"footnotes":""},"class_list":{"0":"post-52","1":"page","2":"type-page","3":"status-publish","5":"entry"},"aioseo_notices":[],"_links":{"self":[{"href":"https:\/\/riskiblogi.fi\/index.php?rest_route=\/wp\/v2\/pages\/52","targetHints":{"allow":["GET"]}}],"collection":[{"href":"https:\/\/riskiblogi.fi\/index.php?rest_route=\/wp\/v2\/pages"}],"about":[{"href":"https:\/\/riskiblogi.fi\/index.php?rest_route=\/wp\/v2\/types\/page"}],"author":[{"embeddable":true,"href":"https:\/\/riskiblogi.fi\/index.php?rest_route=\/wp\/v2\/users\/2"}],"replies":[{"embeddable":true,"href":"https:\/\/riskiblogi.fi\/index.php?rest_route=%2Fwp%2Fv2%2Fcomments&post=52"}],"version-history":[{"count":21,"href":"https:\/\/riskiblogi.fi\/index.php?rest_route=\/wp\/v2\/pages\/52\/revisions"}],"predecessor-version":[{"id":1151,"href":"https:\/\/riskiblogi.fi\/index.php?rest_route=\/wp\/v2\/pages\/52\/revisions\/1151"}],"wp:attachment":[{"href":"https:\/\/riskiblogi.fi\/index.php?rest_route=%2Fwp%2Fv2%2Fmedia&parent=52"}],"curies":[{"name":"wp","href":"https:\/\/api.w.org\/{rel}","templated":true}]}}